{"id":109,"date":"2020-03-25T13:38:28","date_gmt":"2020-03-25T12:38:28","guid":{"rendered":"https:\/\/malina.artstudioworks.net\/dinogua\/?page_id=109"},"modified":"2021-08-17T09:21:45","modified_gmt":"2021-08-17T07:21:45","slug":"about","status":"publish","type":"page","link":"https:\/\/blog.predictanalyse.com\/index.php\/about\/","title":{"rendered":"\u00c0 propos"},"content":{"rendered":"<h3>Predict Analyse<\/h3>\n<h5>La solution num\u00e9rique pour une bonne pr\u00e9vention en entreprise<\/h5>\n<p>Predict analyse s&rsquo;inscrit dans l&rsquo;am\u00e9lioration de la sant\u00e9 au travail et souhaite y promouvoir de bonnes pratiques pour am\u00e9liorer le quotidien de chaque employ\u00e9. Pour cela, nous avons cr\u00e9\u00e9 un outil : Predicta.<\/p>\n<p>Notre solution touche divers domaines qui nous semblent primordiaux pour comprendre le bien-\u00eatre en entreprise de fa\u00e7on globale. Les TMS et les RPS bien s\u00fbr mais \u00e9galement l&rsquo;ergonomie, la psychologie, la nutrition et l&rsquo;activit\u00e9 physique. Ces vastes domaines de comp\u00e9tences sont riches en connaissances et ils devraient \u00eatre \u00e0 la port\u00e9e de tous. Mais aujourd&rsquo;hui, il est difficile de trouver des informations fiables et valid\u00e9es par la litt\u00e9rature. Alors quelles sont les recommandations des experts et les consensus internationaux ? C&rsquo;est \u00e0 ces interrogations que nous voulons r\u00e9pondre ici.<\/p>\n<p>Ce blog a pour ambition de r\u00e9pondre \u00e0 toutes les questions que les travailleurs peuvent se poser en s&rsquo;appuyant sur une base scientifique solide.<\/p>\n","protected":false},"excerpt":{"rendered":"<p>Predict Analyse La solution num\u00e9rique pour une bonne pr\u00e9vention en entreprise Predict analyse s&rsquo;inscrit dans l&rsquo;am\u00e9lioration de la sant\u00e9 au travail et souhaite y promouvoir de bonnes pratiques pour am\u00e9liorer le quotidien de chaque employ\u00e9. Pour cela, nous avons cr\u00e9\u00e9 un outil : Predicta. Notre solution touche divers domaines qui nous semblent primordiaux pour comprendre<\/p>\n","protected":false},"author":1,"featured_media":0,"parent":0,"menu_order":0,"comment_status":"closed","ping_status":"closed","template":"page-nosidebar.php","meta":{"inline_featured_image":false,"_monsterinsights_skip_tracking":false,"_monsterinsights_sitenote_active":false,"_monsterinsights_sitenote_note":"","_monsterinsights_sitenote_category":0,"footnotes":""},"class_list":["post-109","page","type-page","status-publish","hentry"],"aioseo_notices":[],"_links":{"self":[{"href":"https:\/\/blog.predictanalyse.com\/index.php\/wp-json\/wp\/v2\/pages\/109"}],"collection":[{"href":"https:\/\/blog.predictanalyse.com\/index.php\/wp-json\/wp\/v2\/pages"}],"about":[{"href":"https:\/\/blog.predictanalyse.com\/index.php\/wp-json\/wp\/v2\/types\/page"}],"author":[{"embeddable":true,"href":"https:\/\/blog.predictanalyse.com\/index.php\/wp-json\/wp\/v2\/users\/1"}],"replies":[{"embeddable":true,"href":"https:\/\/blog.predictanalyse.com\/index.php\/wp-json\/wp\/v2\/comments?post=109"}],"version-history":[{"count":6,"href":"https:\/\/blog.predictanalyse.com\/index.php\/wp-json\/wp\/v2\/pages\/109\/revisions"}],"predecessor-version":[{"id":405,"href":"https:\/\/blog.predictanalyse.com\/index.php\/wp-json\/wp\/v2\/pages\/109\/revisions\/405"}],"wp:attachment":[{"href":"https:\/\/blog.predictanalyse.com\/index.php\/wp-json\/wp\/v2\/media?parent=109"}],"curies":[{"name":"wp","href":"https:\/\/api.w.org\/{rel}","templated":true}]}}